{"id":6699,"date":"2019-10-08T07:47:49","date_gmt":"2019-10-08T07:47:49","guid":{"rendered":"https:\/\/www.drwolffgroup.com\/geschaeftsfuehrung\/"},"modified":"2026-01-07T13:47:37","modified_gmt":"2026-01-07T13:47:37","slug":"management","status":"publish","type":"page","link":"https:\/\/www.drwolffgroup.com\/en\/management\/","title":{"rendered":"Who leads us?"},"content":{"rendered":"","protected":false},"excerpt":{"rendered":"","protected":false},"author":5,"featured_media":52354,"parent":0,"menu_order":0,"comment_status":"closed","ping_status":"closed","template":"","meta":{"_acf_changed":false,"footnotes":""},"acf":[],"yoast_head":"<!-- This site is optimized with the Yoast SEO plugin v24.5 - https:\/\/yoast.com\/wordpress\/plugins\/seo\/ -->\n<title>Who leads us? - Dr. Wolff Group<\/title>\n<meta name=\"robots\" content=\"index, follow, max-snippet:-1, max-image-preview:large, max-video-preview:-1\" \/>\n<link rel=\"canonical\" href=\"https:\/\/www.drwolffgroup.com\/en\/management\/\" \/>\n<meta property=\"og:locale\" content=\"en_US\" \/>\n<meta property=\"og:type\" content=\"article\" \/>\n<meta property=\"og:title\" content=\"Who leads us? - Dr. Wolff Group\" \/>\n<meta property=\"og:url\" content=\"https:\/\/www.drwolffgroup.com\/en\/management\/\" \/>\n<meta property=\"og:site_name\" content=\"Dr. Wolff Group\" \/>\n<meta property=\"article:modified_time\" content=\"2026-01-07T13:47:37+00:00\" \/>\n<meta property=\"og:image\" content=\"https:\/\/www.drwolffgroup.com\/wp-content\/uploads\/2025\/11\/20251101_Geschaeftsleitung_DrWolffGroup-scaled.jpg\" \/>\n\t<meta property=\"og:image:width\" content=\"2560\" \/>\n\t<meta property=\"og:image:height\" content=\"1101\" \/>\n\t<meta property=\"og:image:type\" content=\"image\/jpeg\" \/>\n<meta name=\"twitter:card\" content=\"summary_large_image\" \/>\n<meta name=\"twitter:label1\" content=\"Est. reading time\" \/>\n\t<meta name=\"twitter:data1\" content=\"1 minute\" \/>\n<script type=\"application\/ld+json\" class=\"yoast-schema-graph\">{\"@context\":\"https:\/\/schema.org\",\"@graph\":[{\"@type\":\"WebPage\",\"@id\":\"https:\/\/www.drwolffgroup.com\/en\/management\/\",\"url\":\"https:\/\/www.drwolffgroup.com\/en\/management\/\",\"name\":\"Who leads us? - Dr. Wolff Group\",\"isPartOf\":{\"@id\":\"https:\/\/www.drwolffgroup.com\/#website\"},\"primaryImageOfPage\":{\"@id\":\"https:\/\/www.drwolffgroup.com\/en\/management\/#primaryimage\"},\"image\":{\"@id\":\"https:\/\/www.drwolffgroup.com\/en\/management\/#primaryimage\"},\"thumbnailUrl\":\"https:\/\/www.drwolffgroup.com\/wp-content\/uploads\/2025\/11\/20251101_Geschaeftsleitung_DrWolffGroup-scaled.jpg\",\"datePublished\":\"2019-10-08T07:47:49+00:00\",\"dateModified\":\"2026-01-07T13:47:37+00:00\",\"inLanguage\":\"en-US\",\"potentialAction\":[{\"@type\":\"ReadAction\",\"target\":[\"https:\/\/www.drwolffgroup.com\/en\/management\/\"]}]},{\"@type\":\"ImageObject\",\"inLanguage\":\"en-US\",\"@id\":\"https:\/\/www.drwolffgroup.com\/en\/management\/#primaryimage\",\"url\":\"https:\/\/www.drwolffgroup.com\/wp-content\/uploads\/2025\/11\/20251101_Geschaeftsleitung_DrWolffGroup-scaled.jpg\",\"contentUrl\":\"https:\/\/www.drwolffgroup.com\/wp-content\/uploads\/2025\/11\/20251101_Geschaeftsleitung_DrWolffGroup-scaled.jpg\",\"width\":2560,\"height\":1101,\"caption\":\"Generated image Dr.Wolff, Christoph Harras-Wolff, Eduard R. D\u00f6rrenberg, Gesch\u00e4ftsleitung, J\u00f6rn Harguth, Sybille Wasmuth, Adult, Clothing, Female, Formal Wear, Groupshot, Male, Man, Person, Suit, Woman Dr.Wolff\"},{\"@type\":\"WebSite\",\"@id\":\"https:\/\/www.drwolffgroup.com\/#website\",\"url\":\"https:\/\/www.drwolffgroup.com\/\",\"name\":\"Dr. Wolff Group\",\"description\":\"\",\"potentialAction\":[{\"@type\":\"SearchAction\",\"target\":{\"@type\":\"EntryPoint\",\"urlTemplate\":\"https:\/\/www.drwolffgroup.com\/?s={search_term_string}\"},\"query-input\":{\"@type\":\"PropertyValueSpecification\",\"valueRequired\":true,\"valueName\":\"search_term_string\"}}],\"inLanguage\":\"en-US\"}]}<\/script>\n<!-- \/ Yoast SEO plugin. -->","yoast_head_json":{"title":"Who leads us? - Dr. Wolff Group","robots":{"index":"index","follow":"follow","max-snippet":"max-snippet:-1","max-image-preview":"max-image-preview:large","max-video-preview":"max-video-preview:-1"},"canonical":"https:\/\/www.drwolffgroup.com\/en\/management\/","og_locale":"en_US","og_type":"article","og_title":"Who leads us? - Dr. Wolff Group","og_url":"https:\/\/www.drwolffgroup.com\/en\/management\/","og_site_name":"Dr. Wolff Group","article_modified_time":"2026-01-07T13:47:37+00:00","og_image":[{"width":2560,"height":1101,"url":"https:\/\/www.drwolffgroup.com\/wp-content\/uploads\/2025\/11\/20251101_Geschaeftsleitung_DrWolffGroup-scaled.jpg","type":"image\/jpeg"}],"twitter_card":"summary_large_image","twitter_misc":{"Est. reading time":"1 minute"},"schema":{"@context":"https:\/\/schema.org","@graph":[{"@type":"WebPage","@id":"https:\/\/www.drwolffgroup.com\/en\/management\/","url":"https:\/\/www.drwolffgroup.com\/en\/management\/","name":"Who leads us? - Dr. Wolff Group","isPartOf":{"@id":"https:\/\/www.drwolffgroup.com\/#website"},"primaryImageOfPage":{"@id":"https:\/\/www.drwolffgroup.com\/en\/management\/#primaryimage"},"image":{"@id":"https:\/\/www.drwolffgroup.com\/en\/management\/#primaryimage"},"thumbnailUrl":"https:\/\/www.drwolffgroup.com\/wp-content\/uploads\/2025\/11\/20251101_Geschaeftsleitung_DrWolffGroup-scaled.jpg","datePublished":"2019-10-08T07:47:49+00:00","dateModified":"2026-01-07T13:47:37+00:00","inLanguage":"en-US","potentialAction":[{"@type":"ReadAction","target":["https:\/\/www.drwolffgroup.com\/en\/management\/"]}]},{"@type":"ImageObject","inLanguage":"en-US","@id":"https:\/\/www.drwolffgroup.com\/en\/management\/#primaryimage","url":"https:\/\/www.drwolffgroup.com\/wp-content\/uploads\/2025\/11\/20251101_Geschaeftsleitung_DrWolffGroup-scaled.jpg","contentUrl":"https:\/\/www.drwolffgroup.com\/wp-content\/uploads\/2025\/11\/20251101_Geschaeftsleitung_DrWolffGroup-scaled.jpg","width":2560,"height":1101,"caption":"Generated image Dr.Wolff, Christoph Harras-Wolff, Eduard R. D\u00f6rrenberg, Gesch\u00e4ftsleitung, J\u00f6rn Harguth, Sybille Wasmuth, Adult, Clothing, Female, Formal Wear, Groupshot, Male, Man, Person, Suit, Woman Dr.Wolff"},{"@type":"WebSite","@id":"https:\/\/www.drwolffgroup.com\/#website","url":"https:\/\/www.drwolffgroup.com\/","name":"Dr. Wolff Group","description":"","potentialAction":[{"@type":"SearchAction","target":{"@type":"EntryPoint","urlTemplate":"https:\/\/www.drwolffgroup.com\/?s={search_term_string}"},"query-input":{"@type":"PropertyValueSpecification","valueRequired":true,"valueName":"search_term_string"}}],"inLanguage":"en-US"}]}},"_links":{"self":[{"href":"https:\/\/www.drwolffgroup.com\/en\/wp-json\/wp\/v2\/pages\/6699"}],"collection":[{"href":"https:\/\/www.drwolffgroup.com\/en\/wp-json\/wp\/v2\/pages"}],"about":[{"href":"https:\/\/www.drwolffgroup.com\/en\/wp-json\/wp\/v2\/types\/page"}],"author":[{"embeddable":true,"href":"https:\/\/www.drwolffgroup.com\/en\/wp-json\/wp\/v2\/users\/5"}],"replies":[{"embeddable":true,"href":"https:\/\/www.drwolffgroup.com\/en\/wp-json\/wp\/v2\/comments?post=6699"}],"version-history":[{"count":40,"href":"https:\/\/www.drwolffgroup.com\/en\/wp-json\/wp\/v2\/pages\/6699\/revisions"}],"predecessor-version":[{"id":53868,"href":"https:\/\/www.drwolffgroup.com\/en\/wp-json\/wp\/v2\/pages\/6699\/revisions\/53868"}],"wp:featuredmedia":[{"embeddable":true,"href":"https:\/\/www.drwolffgroup.com\/en\/wp-json\/wp\/v2\/media\/52354"}],"wp:attachment":[{"href":"https:\/\/www.drwolffgroup.com\/en\/wp-json\/wp\/v2\/media?parent=6699"}],"curies":[{"name":"wp","href":"https:\/\/api.w.org\/{rel}","templated":true}]}}